{"id":451,"date":"2020-10-05T13:11:16","date_gmt":"2020-10-05T13:11:16","guid":{"rendered":"https:\/\/zuritaabogados.com\/?page_id=451"},"modified":"2020-10-09T14:34:05","modified_gmt":"2020-10-09T14:34:05","slug":"entender-el-derecho","status":"publish","type":"page","link":"https:\/\/zuritaabogados.com\/en\/inicio\/entender-el-derecho\/","title":{"rendered":"Entender el Derecho"},"content":{"rendered":"<div data-elementor-type=\"wp-page\" data-elementor-id=\"451\" class=\"elementor elementor-451\" data-elementor-post-type=\"page\">\n\t\t\t\t\t\t<section class=\"elementor-section elementor-top-section elementor-element elementor-element-0e1405e elementor-section-boxed elementor-section-height-default elementor-section-height-default\" data-id=\"0e1405e\" data-element_type=\"section\" data-e-type=\"section\" data-settings=\"{&quot;background_background&quot;:&quot;classic&quot;}\">\n\t\t\t\t\t\t\t<div class=\"elementor-background-overlay\"><\/div>\n\t\t\t\t\t\t\t<div class=\"elementor-container elementor-column-gap-default\">\n\t\t\t\t\t<div class=\"elementor-column elementor-col-100 elementor-top-column elementor-element elementor-element-5cc9392\" data-id=\"5cc9392\" data-element_type=\"column\" data-e-type=\"column\">\n\t\t\t<div class=\"elementor-widget-wrap elementor-element-populated\">\n\t\t\t\t\t\t<div class=\"elementor-element elementor-element-c02debc elementor-widget elementor-widget-spacer\" data-id=\"c02debc\" data-element_type=\"widget\" data-e-type=\"widget\" data-widget_type=\"spacer.default\">\n\t\t\t\t<div class=\"elementor-widget-container\">\n\t\t\t\t\t\t\t<div class=\"elementor-spacer\">\n\t\t\t<div class=\"elementor-spacer-inner\"><\/div>\n\t\t<\/div>\n\t\t\t\t\t\t<\/div>\n\t\t\t\t<\/div>\n\t\t\t\t\t<\/div>\n\t\t<\/div>\n\t\t\t\t\t<\/div>\n\t\t<\/section>\n\t\t\t\t<section class=\"elementor-section elementor-top-section elementor-element elementor-element-9efdd8d elementor-section-boxed elementor-section-height-default elementor-section-height-default\" data-id=\"9efdd8d\" data-element_type=\"section\" data-e-type=\"section\" data-settings=\"{&quot;background_background&quot;:&quot;classic&quot;}\">\n\t\t\t\t\t\t<div class=\"elementor-container elementor-column-gap-default\">\n\t\t\t\t\t<div class=\"elementor-column elementor-col-25 elementor-top-column elementor-element elementor-element-537da68 elementor-hidden-desktop elementor-hidden-tablet elementor-hidden-phone\" data-id=\"537da68\" data-element_type=\"column\" data-e-type=\"column\">\n\t\t\t<div class=\"elementor-widget-wrap\">\n\t\t\t\t\t\t\t<\/div>\n\t\t<\/div>\n\t\t\t\t<div class=\"elementor-column elementor-col-25 elementor-top-column elementor-element elementor-element-b1919ad\" data-id=\"b1919ad\" data-element_type=\"column\" data-e-type=\"column\" data-settings=\"{&quot;background_background&quot;:&quot;classic&quot;}\">\n\t\t\t<div class=\"elementor-widget-wrap elementor-element-populated\">\n\t\t\t\t\t\t<div class=\"elementor-element elementor-element-3e075be elementor-widget elementor-widget-heading\" data-id=\"3e075be\" data-element_type=\"widget\" data-e-type=\"widget\" data-widget_type=\"heading.default\">\n\t\t\t\t<div class=\"elementor-widget-container\">\n\t\t\t\t\t<h1 class=\"elementor-heading-title elementor-size-default\">ENTENDER EL DERECHO<\/h1>\t\t\t\t<\/div>\n\t\t\t\t<\/div>\n\t\t\t\t<div class=\"elementor-element elementor-element-5b834e3 elementor-widget elementor-widget-text-editor\" data-id=\"5b834e3\" data-element_type=\"widget\" data-e-type=\"widget\" data-widget_type=\"text-editor.default\">\n\t\t\t\t<div class=\"elementor-widget-container\">\n\t\t\t\t\t\t\t\t\t<div class=\"O1\"><div class=\"O1\"><p><img decoding=\"async\" class=\"wp-image-335 alignleft\" src=\"https:\/\/zuritaabogados.com\/wp-content\/uploads\/2020\/10\/feature1-300x105.jpg\" alt=\"\" width=\"374\" height=\"131\" srcset=\"https:\/\/zuritaabogados.com\/wp-content\/uploads\/2020\/10\/feature1-300x105.jpg 300w, https:\/\/zuritaabogados.com\/wp-content\/uploads\/2020\/10\/feature1.jpg 370w\" sizes=\"(max-width: 374px) 100vw, 374px\" \/>\u201c<em>El derecho tiene que hablar como lo hace la gente \u2026 tan sencillo como la forma en la que trabajaba Gaud\u00ed, de una forma simple y definiendo el arte con dos trazos, as\u00ed debe ser el lenguaje del Derecho\u2026<\/em>\u201d 21 de Septiembre de 2010. Francisco Caama\u00f1o (Ministro de Justicia).<\/p><\/div><div><strong>Tu abogado o gestor te atiende a t\u00ed<\/strong><\/div><div class=\"O1\">Disponemos de un servicio \u00edntegro para tu atenci\u00f3n m\u00e1s cercana, para facilitarte las cosas e incluso para evitarte traslados.<\/div><div><p>En reclamaci\u00f3n de indemnizaci\u00f3n por accidentes, contamos con un servicio b\u00e1sico que incluye la cobertura de la asistencia jur\u00eddica por seguro de veh\u00edculo a motor o servicio de hogar y un servicio especial para reclamar cualquier otro perjuicio que hayas podido sufrir (da\u00f1o emergente, lucro cesante, factores correctores, paralizaciones, p\u00e9rdidas gananciales, \u201cda\u00f1os personales especiales\u201d)<\/p><\/div><p>\u00bfSab\u00edas que muchas empresas que se ofrecen para reclamar la indemnizaci\u00f3n por tu accidente renuncian a otros conceptos y perjuicios que hayas podido sufrir para limitar su servicio a la cobertura de la asistencia jur\u00eddica que tienes contratada?<\/p><\/div>\t\t\t\t\t\t\t\t<\/div>\n\t\t\t\t<\/div>\n\t\t\t\t\t<\/div>\n\t\t<\/div>\n\t\t\t\t<div class=\"elementor-column elementor-col-25 elementor-top-column elementor-element elementor-element-68b5529\" data-id=\"68b5529\" data-element_type=\"column\" data-e-type=\"column\" data-settings=\"{&quot;background_background&quot;:&quot;classic&quot;}\">\n\t\t\t<div class=\"elementor-widget-wrap elementor-element-populated\">\n\t\t\t\t\t\t<div class=\"elementor-element elementor-element-887864c elementor-widget elementor-widget-heading\" data-id=\"887864c\" data-element_type=\"widget\" data-e-type=\"widget\" data-widget_type=\"heading.default\">\n\t\t\t\t<div class=\"elementor-widget-container\">\n\t\t\t\t\t<h6 class=\"elementor-heading-title elementor-size-default\">Sede Serrallo<\/h6>\t\t\t\t<\/div>\n\t\t\t\t<\/div>\n\t\t\t\t<div class=\"elementor-element elementor-element-e36d4a6 elementor-widget elementor-widget-text-editor\" data-id=\"e36d4a6\" data-element_type=\"widget\" data-e-type=\"widget\" data-widget_type=\"text-editor.default\">\n\t\t\t\t<div class=\"elementor-widget-container\">\n\t\t\t\t\t\t\t\t\t<div>Camino de las Conejeras, n\u00ba16, Local Bajo<\/div><div><div>Tel\u00e9fono:\u00a0<strong>958 12 43 27<\/strong><\/div><\/div><p>18008,\u00a0<strong>Granada<\/strong><\/p><p><a href=\"mailto:manuel@zuritaabogados.com\">manuel@zuritaabogados.com<\/a><br \/><a href=\"mailto:zurita@icagr.es\">zurita@icagr.es<\/a><\/p>\t\t\t\t\t\t\t\t<\/div>\n\t\t\t\t<\/div>\n\t\t\t\t<div class=\"elementor-element elementor-element-1ba654e elementor-widget-tablet__width-auto elementor-widget elementor-widget-heading\" data-id=\"1ba654e\" data-element_type=\"widget\" data-e-type=\"widget\" data-widget_type=\"heading.default\">\n\t\t\t\t<div class=\"elementor-widget-container\">\n\t\t\t\t\t<h6 class=\"elementor-heading-title elementor-size-default\">Sede Ganivet<\/h6>\t\t\t\t<\/div>\n\t\t\t\t<\/div>\n\t\t\t\t<div class=\"elementor-element elementor-element-2f0c61a elementor-widget elementor-widget-text-editor\" data-id=\"2f0c61a\" data-element_type=\"widget\" data-e-type=\"widget\" data-widget_type=\"text-editor.default\">\n\t\t\t\t<div class=\"elementor-widget-container\">\n\t\t\t\t\t\t\t\t\t<div>Calle \u00c1ngel Ganivet, n\u00fam. 3, 2\u00ba izq<\/div><div><div>Tel\u00e9fono:\u00a0<strong>958 12 43 27<\/strong><\/div><\/div><p>18001,\u00a0<strong>Granada<\/strong><\/p><div><div><a href=\"mailto:manuel@zuritaabogados.com\">manuel@zuritaabogados.com<\/a><\/div><p><a href=\"mailto:zurita@icagr.es\">zurita@icagr.es<\/a><\/p><\/div>\t\t\t\t\t\t\t\t<\/div>\n\t\t\t\t<\/div>\n\t\t\t\t<div class=\"elementor-element elementor-element-f805eb9 elementor-widget elementor-widget-text-editor\" data-id=\"f805eb9\" data-element_type=\"widget\" data-e-type=\"widget\" data-widget_type=\"text-editor.default\">\n\t\t\t\t<div class=\"elementor-widget-container\">\n\t\t\t\t\t\t\t\t\t<div>\n<p>Solicite un presupuesto gratuito aqu\u00ed<\/p><\/div>\t\t\t\t\t\t\t\t<\/div>\n\t\t\t\t<\/div>\n\t\t\t\t<div class=\"elementor-element elementor-element-c99b783 elementor-align-justify elementor-widget elementor-widget-button\" data-id=\"c99b783\" data-element_type=\"widget\" data-e-type=\"widget\" data-widget_type=\"button.default\">\n\t\t\t\t<div class=\"elementor-widget-container\">\n\t\t\t\t\t\t\t\t\t<div class=\"elementor-button-wrapper\">\n\t\t\t\t\t<a class=\"elementor-button elementor-button-link elementor-size-sm\" href=\"#\">\n\t\t\t\t\t\t<span class=\"elementor-button-content-wrapper\">\n\t\t\t\t\t\t\t\t\t<span class=\"elementor-button-text\">PRESUPUESTO<\/span>\n\t\t\t\t\t<\/span>\n\t\t\t\t\t<\/a>\n\t\t\t\t<\/div>\n\t\t\t\t\t\t\t\t<\/div>\n\t\t\t\t<\/div>\n\t\t\t\t<div class=\"elementor-element elementor-element-a9ea6f3 elementor-widget elementor-widget-text-editor\" data-id=\"a9ea6f3\" data-element_type=\"widget\" data-e-type=\"widget\" data-widget_type=\"text-editor.default\">\n\t\t\t\t<div class=\"elementor-widget-container\">\n\t\t\t\t\t\t\t\t\t<p>Contacto directo<\/p>\t\t\t\t\t\t\t\t<\/div>\n\t\t\t\t<\/div>\n\t\t\t\t<div class=\"elementor-element elementor-element-140a10e elementor-align-justify elementor-widget elementor-widget-button\" data-id=\"140a10e\" data-element_type=\"widget\" data-e-type=\"widget\" data-widget_type=\"button.default\">\n\t\t\t\t<div class=\"elementor-widget-container\">\n\t\t\t\t\t\t\t\t\t<div class=\"elementor-button-wrapper\">\n\t\t\t\t\t<a class=\"elementor-button elementor-button-link elementor-size-sm\" href=\"#\">\n\t\t\t\t\t\t<span class=\"elementor-button-content-wrapper\">\n\t\t\t\t\t\t\t\t\t<span class=\"elementor-button-text\">CONTACTO<\/span>\n\t\t\t\t\t<\/span>\n\t\t\t\t\t<\/a>\n\t\t\t\t<\/div>\n\t\t\t\t\t\t\t\t<\/div>\n\t\t\t\t<\/div>\n\t\t\t\t\t<\/div>\n\t\t<\/div>\n\t\t\t\t<div class=\"elementor-column elementor-col-25 elementor-top-column elementor-element elementor-element-2b6e09e elementor-hidden-desktop elementor-hidden-tablet elementor-hidden-phone\" data-id=\"2b6e09e\" data-element_type=\"column\" data-e-type=\"column\">\n\t\t\t<div class=\"elementor-widget-wrap\">\n\t\t\t\t\t\t\t<\/div>\n\t\t<\/div>\n\t\t\t\t\t<\/div>\n\t\t<\/section>\n\t\t\t\t<\/div>","protected":false},"excerpt":{"rendered":"<p>ENTENDER EL DERECHO \u201cEl derecho tiene que hablar como lo hace la gente \u2026 tan sencillo como la forma en la que trabajaba Gaud\u00ed, de una forma simple y definiendo el arte con dos trazos, as\u00ed debe ser el lenguaje del Derecho\u2026\u201d 21 de Septiembre de 2010. Francisco Caama\u00f1o (Ministro de Justicia). Tu abogado o [&hellip;]<\/p>\n","protected":false},"author":2,"featured_media":0,"parent":330,"menu_order":1,"comment_status":"closed","ping_status":"closed","template":"","meta":{"site-sidebar-layout":"no-sidebar","site-content-layout":"page-builder","ast-site-content-layout":"default","site-content-style":"default","site-sidebar-style":"default","ast-global-header-display":"","ast-banner-title-visibility":"","ast-main-header-display":"","ast-hfb-above-header-display":"","ast-hfb-below-header-display":"","ast-hfb-mobile-header-display":"","site-post-title":"disabled","ast-breadcrumbs-content":"","ast-featured-img":"disabled","footer-sml-layout":"","ast-disable-related-posts":"","theme-transparent-header-meta":"default","adv-header-id-meta":"","stick-header-meta":"","header-above-stick-meta":"","header-main-stick-meta":"","header-below-stick-meta":"","astra-migrate-meta-layouts":"default","ast-page-background-enabled":"default","ast-page-background-meta":{"desktop":{"background-color":"","background-image":"","background-repeat":"repeat","background-position":"center center","background-size":"auto","background-attachment":"scroll","background-type":"","background-media":"","overlay-type":"","overlay-color":"","overlay-opacity":"","overlay-gradient":""},"tablet":{"background-color":"","background-image":"","background-repeat":"repeat","background-position":"center center","background-size":"auto","background-attachment":"scroll","background-type":"","background-media":"","overlay-type":"","overlay-color":"","overlay-opacity":"","overlay-gradient":""},"mobile":{"background-color":"","background-image":"","background-repeat":"repeat","background-position":"center center","background-size":"auto","background-attachment":"scroll","background-type":"","background-media":"","overlay-type":"","overlay-color":"","overlay-opacity":"","overlay-gradient":""}},"ast-content-background-meta":{"desktop":{"background-color":"var(--ast-global-color-5)","background-image":"","background-repeat":"repeat","background-position":"center center","background-size":"auto","background-attachment":"scroll","background-type":"","background-media":"","overlay-type":"","overlay-color":"","overlay-opacity":"","overlay-gradient":""},"tablet":{"background-color":"var(--ast-global-color-5)","background-image":"","background-repeat":"repeat","background-position":"center center","background-size":"auto","background-attachment":"scroll","background-type":"","background-media":"","overlay-type":"","overlay-color":"","overlay-opacity":"","overlay-gradient":""},"mobile":{"background-color":"var(--ast-global-color-5)","background-image":"","background-repeat":"repeat","background-position":"center center","background-size":"auto","background-attachment":"scroll","background-type":"","background-media":"","overlay-type":"","overlay-color":"","overlay-opacity":"","overlay-gradient":""}},"footnotes":""},"class_list":["post-451","page","type-page","status-publish","hentry"],"_links":{"self":[{"href":"https:\/\/zuritaabogados.com\/en\/wp-json\/wp\/v2\/pages\/451","targetHints":{"allow":["GET"]}}],"collection":[{"href":"https:\/\/zuritaabogados.com\/en\/wp-json\/wp\/v2\/pages"}],"about":[{"href":"https:\/\/zuritaabogados.com\/en\/wp-json\/wp\/v2\/types\/page"}],"author":[{"embeddable":true,"href":"https:\/\/zuritaabogados.com\/en\/wp-json\/wp\/v2\/users\/2"}],"replies":[{"embeddable":true,"href":"https:\/\/zuritaabogados.com\/en\/wp-json\/wp\/v2\/comments?post=451"}],"version-history":[{"count":6,"href":"https:\/\/zuritaabogados.com\/en\/wp-json\/wp\/v2\/pages\/451\/revisions"}],"predecessor-version":[{"id":628,"href":"https:\/\/zuritaabogados.com\/en\/wp-json\/wp\/v2\/pages\/451\/revisions\/628"}],"up":[{"embeddable":true,"href":"https:\/\/zuritaabogados.com\/en\/wp-json\/wp\/v2\/pages\/330"}],"wp:attachment":[{"href":"https:\/\/zuritaabogados.com\/en\/wp-json\/wp\/v2\/media?parent=451"}],"curies":[{"name":"wp","href":"https:\/\/api.w.org\/{rel}","templated":true}]}}